{"id":18420,"date":"2022-01-28T13:48:13","date_gmt":"2022-01-28T13:48:13","guid":{"rendered":"https:\/\/abflexo.org.br\/shop\/?page_id=18420"},"modified":"2024-07-15T11:18:00","modified_gmt":"2024-07-15T14:18:00","slug":"politica","status":"publish","type":"page","link":"https:\/\/abflexo.org.br\/shop\/politica\/","title":{"rendered":"Pol\u00edtica"},"content":{"rendered":"\t\t<div data-elementor-type=\"wp-page\" data-elementor-id=\"18420\" class=\"elementor elementor-18420\">\n\t\t\t\t\t\t<section class=\"elementor-section elementor-top-section elementor-element elementor-element-562edcb elementor-section-boxed elementor-section-height-default elementor-section-height-default sc_fly_static\" data-id=\"562edcb\" data-element_type=\"section\" data-e-type=\"section\">\n\t\t\t\t\t\t<div class=\"elementor-container elementor-column-gap-extended\">\n\t\t\t\t\t<div class=\"elementor-column elementor-col-100 elementor-top-column elementor-element elementor-element-cfbeb81 sc_inner_width_none sc_content_align_inherit sc_layouts_column_icons_position_left sc_fly_static\" data-id=\"cfbeb81\" data-element_type=\"column\" data-e-type=\"column\">\n\t\t\t<div class=\"elementor-widget-wrap elementor-element-populated\">\n\t\t\t\t\t\t<div class=\"elementor-element elementor-element-e3281ce sc_height_medium sc_fly_static elementor-widget elementor-widget-spacer\" data-id=\"e3281ce\" data-element_type=\"widget\" data-e-type=\"widget\" data-widget_type=\"spacer.default\">\n\t\t\t\t<div class=\"elementor-widget-container\">\n\t\t\t\t\t\t\t<div class=\"elementor-spacer\">\n\t\t\t<div class=\"elementor-spacer-inner\"><\/div>\n\t\t<\/div>\n\t\t\t\t\t\t<\/div>\n\t\t\t\t<\/div>\n\t\t\t\t<div class=\"elementor-element elementor-element-7ae2d13 sc_height_tiny sc_fly_static elementor-widget elementor-widget-spacer\" data-id=\"7ae2d13\" data-element_type=\"widget\" data-e-type=\"widget\" data-widget_type=\"spacer.default\">\n\t\t\t\t<div class=\"elementor-widget-container\">\n\t\t\t\t\t\t\t<div class=\"elementor-spacer\">\n\t\t\t<div class=\"elementor-spacer-inner\"><\/div>\n\t\t<\/div>\n\t\t\t\t\t\t<\/div>\n\t\t\t\t<\/div>\n\t\t\t\t\t<\/div>\n\t\t<\/div>\n\t\t\t\t\t<\/div>\n\t\t<\/section>\n\t\t\t\t<section class=\"elementor-section elementor-top-section elementor-element elementor-element-a350d48 elementor-section-boxed elementor-section-height-default elementor-section-height-default sc_fly_static\" data-id=\"a350d48\" data-element_type=\"section\" data-e-type=\"section\">\n\t\t\t\t\t\t<div class=\"elementor-container elementor-column-gap-extended\">\n\t\t\t\t\t<div class=\"elementor-column elementor-col-50 elementor-top-column elementor-element elementor-element-9516e60 sc_inner_width_none sc_content_align_inherit sc_layouts_column_icons_position_left sc_fly_static\" data-id=\"9516e60\" data-element_type=\"column\" data-e-type=\"column\">\n\t\t\t<div class=\"elementor-widget-wrap elementor-element-populated\">\n\t\t\t\t\t\t<div class=\"elementor-element elementor-element-4abaee6 sc_fly_static elementor-widget elementor-widget-toggle\" data-id=\"4abaee6\" data-element_type=\"widget\" data-e-type=\"widget\" data-widget_type=\"toggle.default\">\n\t\t\t\t<div class=\"elementor-widget-container\">\n\t\t\t\t\t\t\t<div class=\"elementor-toggle\">\n\t\t\t\t\t\t\t<div class=\"elementor-toggle-item\">\n\t\t\t\t\t<h5 id=\"elementor-tab-title-7831\" class=\"elementor-tab-title\" data-tab=\"1\" role=\"button\" aria-controls=\"elementor-tab-content-7831\" aria-expanded=\"false\">\n\t\t\t\t\t\t\t\t\t\t\t\t<span class=\"elementor-toggle-icon elementor-toggle-icon-right\" aria-hidden=\"true\">\n\t\t\t\t\t\t\t\t\t\t\t\t\t\t\t<span class=\"elementor-toggle-icon-closed\"><i class=\"fas fa-plus\"><\/i><\/span>\n\t\t\t\t\t\t\t\t<span class=\"elementor-toggle-icon-opened\"><i class=\"elementor-toggle-icon-opened fas fa-minus\"><\/i><\/span>\n\t\t\t\t\t\t\t\t\t\t\t\t\t<\/span>\n\t\t\t\t\t\t\t\t\t\t\t\t<a class=\"elementor-toggle-title\" tabindex=\"0\">Pol\u00edtica de privacidade<\/a>\n\t\t\t\t\t<\/h5>\n\n\t\t\t\t\t<div id=\"elementor-tab-content-7831\" class=\"elementor-tab-content elementor-clearfix\" data-tab=\"1\" role=\"region\" aria-labelledby=\"elementor-tab-title-7831\"><p>Esta p\u00e1gina \u00e9 usada para informar os visitantes sobre as pol\u00edticas como coleta, uso e divulga\u00e7\u00e3o de informa\u00e7\u00f5es pessoais caso algu\u00e9m decidir usar nossos servi\u00e7os, se voc\u00ea optar por usar nossos servi\u00e7os, concorda com a coleta e uso de informa\u00e7\u00f5es em rela\u00e7\u00e3o a esta pol\u00edtica. As Informa\u00e7\u00f5es pessoais que coletamos s\u00e3o usadas para fornecer e melhorar nossos servi\u00e7os. N\u00e3o usaremos ou compartilharemos suas informa\u00e7\u00f5es com ningu\u00e9m, exceto conforme descrito nesta Pol\u00edtica de Privacidade.<\/p><p>Os termos utilizados nesta Pol\u00edtica de Privacidade t\u00eam os mesmos significados que em nossos Termos e Condi\u00e7\u00f5es, que podem ser acessados \u200b\u200bno site ABFLEXO, salvo defini\u00e7\u00e3o em contr\u00e1rio nesta Pol\u00edtica de Privacidade.<\/p><\/div>\n\t\t\t\t<\/div>\n\t\t\t\t\t\t\t<div class=\"elementor-toggle-item\">\n\t\t\t\t\t<h5 id=\"elementor-tab-title-7832\" class=\"elementor-tab-title\" data-tab=\"2\" role=\"button\" aria-controls=\"elementor-tab-content-7832\" aria-expanded=\"false\">\n\t\t\t\t\t\t\t\t\t\t\t\t<span class=\"elementor-toggle-icon elementor-toggle-icon-right\" aria-hidden=\"true\">\n\t\t\t\t\t\t\t\t\t\t\t\t\t\t\t<span class=\"elementor-toggle-icon-closed\"><i class=\"fas fa-plus\"><\/i><\/span>\n\t\t\t\t\t\t\t\t<span class=\"elementor-toggle-icon-opened\"><i class=\"elementor-toggle-icon-opened fas fa-minus\"><\/i><\/span>\n\t\t\t\t\t\t\t\t\t\t\t\t\t<\/span>\n\t\t\t\t\t\t\t\t\t\t\t\t<a class=\"elementor-toggle-title\" tabindex=\"0\">Cookies<\/a>\n\t\t\t\t\t<\/h5>\n\n\t\t\t\t\t<div id=\"elementor-tab-content-7832\" class=\"elementor-tab-content elementor-clearfix\" data-tab=\"2\" role=\"region\" aria-labelledby=\"elementor-tab-title-7832\"><p>Cookies s\u00e3o arquivos com uma pequena quantidade de dados que s\u00e3o comumente usados \u200b\u200bcomo identificadores exclusivos an\u00f4nimos. Eles s\u00e3o enviados para o seu navegador a partir dos sites que voc\u00ea visita e s\u00e3o armazenados na mem\u00f3ria interna do seu dispositivo.<br \/>Este Servi\u00e7o n\u00e3o usa esses \u201ccookies\u201d explicitamente. No entanto, o aplicativo pode usar c\u00f3digo de terceiros e bibliotecas que usam \u201ccookies\u201d para coletar informa\u00e7\u00f5es e melhorar seus servi\u00e7os. Voc\u00ea tem a op\u00e7\u00e3o de aceitar ou recusar esses cookies e saber quando um cookie est\u00e1 sendo enviado ao seu dispositivo. Se voc\u00ea optar por recusar nossos cookies, talvez n\u00e3o consiga usar algumas partes deste Servi\u00e7o.<\/p><\/div>\n\t\t\t\t<\/div>\n\t\t\t\t\t\t\t<div class=\"elementor-toggle-item\">\n\t\t\t\t\t<h5 id=\"elementor-tab-title-7833\" class=\"elementor-tab-title\" data-tab=\"3\" role=\"button\" aria-controls=\"elementor-tab-content-7833\" aria-expanded=\"false\">\n\t\t\t\t\t\t\t\t\t\t\t\t<span class=\"elementor-toggle-icon elementor-toggle-icon-right\" aria-hidden=\"true\">\n\t\t\t\t\t\t\t\t\t\t\t\t\t\t\t<span class=\"elementor-toggle-icon-closed\"><i class=\"fas fa-plus\"><\/i><\/span>\n\t\t\t\t\t\t\t\t<span class=\"elementor-toggle-icon-opened\"><i class=\"elementor-toggle-icon-opened fas fa-minus\"><\/i><\/span>\n\t\t\t\t\t\t\t\t\t\t\t\t\t<\/span>\n\t\t\t\t\t\t\t\t\t\t\t\t<a class=\"elementor-toggle-title\" tabindex=\"0\">Privacidade infantil<\/a>\n\t\t\t\t\t<\/h5>\n\n\t\t\t\t\t<div id=\"elementor-tab-content-7833\" class=\"elementor-tab-content elementor-clearfix\" data-tab=\"3\" role=\"region\" aria-labelledby=\"elementor-tab-title-7833\"><p>N\u00e3o RECOLHEMOS intencionalmente informa\u00e7\u00f5es de identifica\u00e7\u00e3o pessoal de crian\u00e7as. Encorajamos todas as crian\u00e7as a nunca enviarem informa\u00e7\u00f5es de identifica\u00e7\u00e3o pessoal por meio do aplicativo e\/ou servi\u00e7os. Encorajamos os pais e respons\u00e1veis \u200b\u200blegais a monitorar o uso da Internet de seus filhos e ajudar a aplicar esta Pol\u00edtica, instruindo seus filhos a nunca fornecer informa\u00e7\u00f5es de identifica\u00e7\u00e3o pessoal por meio do Aplicativo e\/ou Servi\u00e7os sem a permiss\u00e3o deles. Se voc\u00ea tiver motivos para acreditar que uma crian\u00e7a nos forneceu informa\u00e7\u00f5es de identifica\u00e7\u00e3o pessoal por meio do aplicativo e\/ou servi\u00e7os, entre em contato conosco.<\/p><\/div>\n\t\t\t\t<\/div>\n\t\t\t\t\t\t\t<div class=\"elementor-toggle-item\">\n\t\t\t\t\t<h5 id=\"elementor-tab-title-7834\" class=\"elementor-tab-title\" data-tab=\"4\" role=\"button\" aria-controls=\"elementor-tab-content-7834\" aria-expanded=\"false\">\n\t\t\t\t\t\t\t\t\t\t\t\t<span class=\"elementor-toggle-icon elementor-toggle-icon-right\" aria-hidden=\"true\">\n\t\t\t\t\t\t\t\t\t\t\t\t\t\t\t<span class=\"elementor-toggle-icon-closed\"><i class=\"fas fa-plus\"><\/i><\/span>\n\t\t\t\t\t\t\t\t<span class=\"elementor-toggle-icon-opened\"><i class=\"elementor-toggle-icon-opened fas fa-minus\"><\/i><\/span>\n\t\t\t\t\t\t\t\t\t\t\t\t\t<\/span>\n\t\t\t\t\t\t\t\t\t\t\t\t<a class=\"elementor-toggle-title\" tabindex=\"0\">Coleta e uso de informa\u00e7\u00f5es<\/a>\n\t\t\t\t\t<\/h5>\n\n\t\t\t\t\t<div id=\"elementor-tab-content-7834\" class=\"elementor-tab-content elementor-clearfix\" data-tab=\"4\" role=\"region\" aria-labelledby=\"elementor-tab-title-7834\"><p>Para uma melhor experi\u00eancia, ao usar nosso Servi\u00e7o, n\u00f3s podemos exigir que voc\u00ea nos forne\u00e7a certas informa\u00e7\u00f5es de identifica\u00e7\u00e3o pessoal, por exemplo: Nome, Endere\u00e7o, Telefones e email. As informa\u00e7\u00f5es que n\u00f3s solicitamos ficam retidas por n\u00f3s e s\u00e3o usadas conforme descrito nesta pol\u00edtica de privacidade.<\/p><\/div>\n\t\t\t\t<\/div>\n\t\t\t\t\t\t\t<div class=\"elementor-toggle-item\">\n\t\t\t\t\t<h5 id=\"elementor-tab-title-7835\" class=\"elementor-tab-title\" data-tab=\"5\" role=\"button\" aria-controls=\"elementor-tab-content-7835\" aria-expanded=\"false\">\n\t\t\t\t\t\t\t\t\t\t\t\t<span class=\"elementor-toggle-icon elementor-toggle-icon-right\" aria-hidden=\"true\">\n\t\t\t\t\t\t\t\t\t\t\t\t\t\t\t<span class=\"elementor-toggle-icon-closed\"><i class=\"fas fa-plus\"><\/i><\/span>\n\t\t\t\t\t\t\t\t<span class=\"elementor-toggle-icon-opened\"><i class=\"elementor-toggle-icon-opened fas fa-minus\"><\/i><\/span>\n\t\t\t\t\t\t\t\t\t\t\t\t\t<\/span>\n\t\t\t\t\t\t\t\t\t\t\t\t<a class=\"elementor-toggle-title\" tabindex=\"0\">Dados de registro<\/a>\n\t\t\t\t\t<\/h5>\n\n\t\t\t\t\t<div id=\"elementor-tab-content-7835\" class=\"elementor-tab-content elementor-clearfix\" data-tab=\"5\" role=\"region\" aria-labelledby=\"elementor-tab-title-7835\"><p>N\u00f3s queremos informar que sempre que voc\u00ea usar os nossos servi\u00e7os, em caso de erro no aplicativo n\u00f3s coletamos dados e informa\u00e7\u00f5es atrav\u00e9s de produtos de terceiros em seu telefone chamado Log Dados. Esses dados de registro podem incluir informa\u00e7\u00f5es como o endere\u00e7o do Protocolo de Internet (\u201cIP\u201d) do seu dispositivo, nome do dispositivo, vers\u00e3o do sistema operacional, a configura\u00e7\u00e3o do aplicativo ao utilizar o nosso servi\u00e7o, a hora e a data do uso do Servi\u00e7o , e outras estat\u00edsticas.<\/p><\/div>\n\t\t\t\t<\/div>\n\t\t\t\t\t\t\t<div class=\"elementor-toggle-item\">\n\t\t\t\t\t<h5 id=\"elementor-tab-title-7836\" class=\"elementor-tab-title\" data-tab=\"6\" role=\"button\" aria-controls=\"elementor-tab-content-7836\" aria-expanded=\"false\">\n\t\t\t\t\t\t\t\t\t\t\t\t<span class=\"elementor-toggle-icon elementor-toggle-icon-right\" aria-hidden=\"true\">\n\t\t\t\t\t\t\t\t\t\t\t\t\t\t\t<span class=\"elementor-toggle-icon-closed\"><i class=\"fas fa-plus\"><\/i><\/span>\n\t\t\t\t\t\t\t\t<span class=\"elementor-toggle-icon-opened\"><i class=\"elementor-toggle-icon-opened fas fa-minus\"><\/i><\/span>\n\t\t\t\t\t\t\t\t\t\t\t\t\t<\/span>\n\t\t\t\t\t\t\t\t\t\t\t\t<a class=\"elementor-toggle-title\" tabindex=\"0\">Provedores de Servi\u00e7o<\/a>\n\t\t\t\t\t<\/h5>\n\n\t\t\t\t\t<div id=\"elementor-tab-content-7836\" class=\"elementor-tab-content elementor-clearfix\" data-tab=\"6\" role=\"region\" aria-labelledby=\"elementor-tab-title-7836\"><p>N\u00f3s podemos empregar empresas e indiv\u00edduos terceirizados devido aos seguintes motivos:<br \/><br \/><\/p><ul><li>Para facilitar nosso servi\u00e7o;<\/li><li>Para fornecer o servi\u00e7o em nosso nome;<\/li><li>Para executar servi\u00e7os relacionados ao servi\u00e7o; ou para nos ajudar a analisar como nosso Servi\u00e7o \u00e9 usado;<\/li><li>N\u00f3s queremos informar aos usu\u00e1rios deste servi\u00e7o que esses terceiros podem ter acesso \u00e0s suas informa\u00e7\u00f5es pessoais. O motivo \u00e9 realizar as tarefas atribu\u00eddas a eles em nosso nome. No entanto, eles s\u00e3o obrigados a n\u00e3o divulgar ou usar as informa\u00e7\u00f5es para qualquer outra finalidade.<\/li><\/ul><\/div>\n\t\t\t\t<\/div>\n\t\t\t\t\t\t\t<div class=\"elementor-toggle-item\">\n\t\t\t\t\t<h5 id=\"elementor-tab-title-7837\" class=\"elementor-tab-title\" data-tab=\"7\" role=\"button\" aria-controls=\"elementor-tab-content-7837\" aria-expanded=\"false\">\n\t\t\t\t\t\t\t\t\t\t\t\t<span class=\"elementor-toggle-icon elementor-toggle-icon-right\" aria-hidden=\"true\">\n\t\t\t\t\t\t\t\t\t\t\t\t\t\t\t<span class=\"elementor-toggle-icon-closed\"><i class=\"fas fa-plus\"><\/i><\/span>\n\t\t\t\t\t\t\t\t<span class=\"elementor-toggle-icon-opened\"><i class=\"elementor-toggle-icon-opened fas fa-minus\"><\/i><\/span>\n\t\t\t\t\t\t\t\t\t\t\t\t\t<\/span>\n\t\t\t\t\t\t\t\t\t\t\t\t<a class=\"elementor-toggle-title\" tabindex=\"0\">Seguran\u00e7a<\/a>\n\t\t\t\t\t<\/h5>\n\n\t\t\t\t\t<div id=\"elementor-tab-content-7837\" class=\"elementor-tab-content elementor-clearfix\" data-tab=\"7\" role=\"region\" aria-labelledby=\"elementor-tab-title-7837\"><p>A ABFLEXO valoriza sua confian\u00e7a em nos fornecer suas informa\u00e7\u00f5es pessoais, portanto, estamos nos esfor\u00e7ando para usar meios comercialmente aceit\u00e1veis \u200b\u200bde proteg\u00ea-las. Mas lembre-se de que nenhum m\u00e9todo de transmiss\u00e3o pela Internet ou m\u00e9todo de armazenamento eletr\u00f4nico \u00e9 100% seguro e confi\u00e1vel, portanto n\u00f3s n\u00e3o podemos garantir sua seguran\u00e7a absoluta.<\/p><\/div>\n\t\t\t\t<\/div>\n\t\t\t\t\t\t\t<div class=\"elementor-toggle-item\">\n\t\t\t\t\t<h5 id=\"elementor-tab-title-7838\" class=\"elementor-tab-title\" data-tab=\"8\" role=\"button\" aria-controls=\"elementor-tab-content-7838\" aria-expanded=\"false\">\n\t\t\t\t\t\t\t\t\t\t\t\t<span class=\"elementor-toggle-icon elementor-toggle-icon-right\" aria-hidden=\"true\">\n\t\t\t\t\t\t\t\t\t\t\t\t\t\t\t<span class=\"elementor-toggle-icon-closed\"><i class=\"fas fa-plus\"><\/i><\/span>\n\t\t\t\t\t\t\t\t<span class=\"elementor-toggle-icon-opened\"><i class=\"elementor-toggle-icon-opened fas fa-minus\"><\/i><\/span>\n\t\t\t\t\t\t\t\t\t\t\t\t\t<\/span>\n\t\t\t\t\t\t\t\t\t\t\t\t<a class=\"elementor-toggle-title\" tabindex=\"0\">Links para outros sites<\/a>\n\t\t\t\t\t<\/h5>\n\n\t\t\t\t\t<div id=\"elementor-tab-content-7838\" class=\"elementor-tab-content elementor-clearfix\" data-tab=\"8\" role=\"region\" aria-labelledby=\"elementor-tab-title-7838\"><p>Este Servi\u00e7o pode conter links para outros sites. Se voc\u00ea clicar em um link de terceiros, ser\u00e1 direcionado para esse site. Observe que esses sites externos n\u00e3o s\u00e3o operados pela ABFLEXO. Portanto, n\u00f3s recomendamos fortemente que voc\u00ea revise a Pol\u00edtica de Privacidade desses sites. N\u00f3s n\u00e3o temos controle e n\u00e3o assumimos responsabilidade pelo conte\u00fado, pol\u00edticas de privacidade ou pr\u00e1ticas de quaisquer sites ou servi\u00e7os de terceiros.<\/p><\/div>\n\t\t\t\t<\/div>\n\t\t\t\t\t\t\t<div class=\"elementor-toggle-item\">\n\t\t\t\t\t<h5 id=\"elementor-tab-title-7839\" class=\"elementor-tab-title\" data-tab=\"9\" role=\"button\" aria-controls=\"elementor-tab-content-7839\" aria-expanded=\"false\">\n\t\t\t\t\t\t\t\t\t\t\t\t<span class=\"elementor-toggle-icon elementor-toggle-icon-right\" aria-hidden=\"true\">\n\t\t\t\t\t\t\t\t\t\t\t\t\t\t\t<span class=\"elementor-toggle-icon-closed\"><i class=\"fas fa-plus\"><\/i><\/span>\n\t\t\t\t\t\t\t\t<span class=\"elementor-toggle-icon-opened\"><i class=\"elementor-toggle-icon-opened fas fa-minus\"><\/i><\/span>\n\t\t\t\t\t\t\t\t\t\t\t\t\t<\/span>\n\t\t\t\t\t\t\t\t\t\t\t\t<a class=\"elementor-toggle-title\" tabindex=\"0\">Cancelamento da compra<\/a>\n\t\t\t\t\t<\/h5>\n\n\t\t\t\t\t<div id=\"elementor-tab-content-7839\" class=\"elementor-tab-content elementor-clearfix\" data-tab=\"9\" role=\"region\" aria-labelledby=\"elementor-tab-title-7839\"><p>Todo e qualquer usu\u00e1rio reserva-se no direito de solicitar o cancelamento de qualquer servi\u00e7o ou produto oferecido neste site mediante solicita\u00e7\u00e3o enviada por e-mail para o endere\u00e7o: eventos@abflexo.org.br<br \/>Se a solicita\u00e7\u00e3o de cancelamento envolver produtos ou servi\u00e7os que possuam valores j\u00e1 investidos o aluno deve atentar-se aos termos da pol\u00edtica de reembolso descrita nesta p\u00e1gina.<\/p><\/div>\n\t\t\t\t<\/div>\n\t\t\t\t\t\t\t<div class=\"elementor-toggle-item\">\n\t\t\t\t\t<h5 id=\"elementor-tab-title-78310\" class=\"elementor-tab-title\" data-tab=\"10\" role=\"button\" aria-controls=\"elementor-tab-content-78310\" aria-expanded=\"false\">\n\t\t\t\t\t\t\t\t\t\t\t\t<span class=\"elementor-toggle-icon elementor-toggle-icon-right\" aria-hidden=\"true\">\n\t\t\t\t\t\t\t\t\t\t\t\t\t\t\t<span class=\"elementor-toggle-icon-closed\"><i class=\"fas fa-plus\"><\/i><\/span>\n\t\t\t\t\t\t\t\t<span class=\"elementor-toggle-icon-opened\"><i class=\"elementor-toggle-icon-opened fas fa-minus\"><\/i><\/span>\n\t\t\t\t\t\t\t\t\t\t\t\t\t<\/span>\n\t\t\t\t\t\t\t\t\t\t\t\t<a class=\"elementor-toggle-title\" tabindex=\"0\">Reembolso<\/a>\n\t\t\t\t\t<\/h5>\n\n\t\t\t\t\t<div id=\"elementor-tab-content-78310\" class=\"elementor-tab-content elementor-clearfix\" data-tab=\"10\" role=\"region\" aria-labelledby=\"elementor-tab-title-78310\"><p>Disp\u00f5e sobre a prote\u00e7\u00e3o do consumidor e d\u00e1 outras provid\u00eancias.<\/p><p>O consumidor pode desistir do contrato, no prazo de 7 dias a contar de sua assinatura ou do ato de recebimento do produto ou servi\u00e7o, sempre que a contrata\u00e7\u00e3o de fornecimento de produtos e servi\u00e7os ocorrer fora do estabelecimento comercial, especialmente por telefone ou a domic\u00edlio.\u00a0<em>(Art. 49. CDC \u2013 Lei n\u00ba 8.078 de 11 de Setembro de 1990)<\/em><\/p><p>Diante do exposto, informamos que o aluno tem o total direito de solicitar a devolu\u00e7\u00e3o do valor investido mediante solicita\u00e7\u00e3o por e-mail para o endere\u00e7o\u00a0<strong>eventos@abflexo.org.br<\/strong>\u00a0dentro do prazo de 7 dias ap\u00f3s a efetiva\u00e7\u00e3o do pagamento conforme estabelecido no CDC \u2013 C\u00f3digo de Defesa do Consumidor.<\/p><p>Fica claro que:<\/p><ul><li>O prazo para a solicita\u00e7\u00e3o ser atendida \u00e9 de at\u00e9 7 dias ap\u00f3s a compra;<\/li><li>A devolu\u00e7\u00e3o ocorrer\u00e1 dentro do prazo m\u00e1ximo de at\u00e9\u00a0<strong>3 dias<\/strong>\u00a0contados a partir da solicita\u00e7\u00e3o;<\/li><li>Assim que confirmada a devolu\u00e7\u00e3o do valor, o(s) produto(s) ou servi\u00e7o(s) ser\u00e3o automaticamente cancelados;<\/li><li>Valores estornados para pagamentos realizados por cart\u00e3o de cr\u00e9dito podem n\u00e3o ser creditados no mesmo m\u00eas, isso dependendo do dia de fechamento da fatura do cliente.<\/li><\/ul><\/div>\n\t\t\t\t<\/div>\n\t\t\t\t\t\t\t\t<\/div>\n\t\t\t\t\t\t<\/div>\n\t\t\t\t<\/div>\n\t\t\t\t\t<\/div>\n\t\t<\/div>\n\t\t\t\t<div class=\"elementor-column elementor-col-50 elementor-top-column elementor-element elementor-element-2829c8b sc_inner_width_none sc_content_align_inherit sc_layouts_column_icons_position_left sc_fly_static\" data-id=\"2829c8b\" data-element_type=\"column\" data-e-type=\"column\">\n\t\t\t<div class=\"elementor-widget-wrap elementor-element-populated\">\n\t\t\t\t\t\t<div class=\"sidebar widget_area elementor-element elementor-element-ab282f2 sc_fly_static elementor-widget elementor-widget-sidebar\" data-id=\"ab282f2\" data-element_type=\"widget\" data-e-type=\"widget\" data-widget_type=\"sidebar.default\">\n\t\t\t\t<div class=\"elementor-widget-container\">\n\t\t\t\t\t<aside class=\"widget woocommerce widget_shopping_cart\"><h5 class=\"widget_title\">Carrinho<\/h5><div class=\"widget_shopping_cart_content\"><\/div><\/aside><aside class=\"widget woocommerce widget_product_search\"><h5 class=\"widget_title\">Busca<\/h5>\n\t\t<form role=\"search\" method=\"get\" class=\"search_form\" action=\"https:\/\/abflexo.org.br\/shop\/\">\n\t\t\t<input type=\"text\" class=\"search_field\" placeholder=\"Search for products &hellip;\" value=\"\" name=\"s\" \/><button class=\"search_button\" type=\"submit\">Search<\/button>\n\t\t\t<input type=\"hidden\" name=\"post_type\" value=\"product\" \/>\n\t\t<\/form>\n\t\t<\/aside><aside class=\"widget woocommerce widget_product_tag_cloud\"><h5 class=\"widget_title\">Tags<\/h5><div class=\"tagcloud\"><\/div><\/aside>\t\t\t\t<\/div>\n\t\t\t\t<\/div>\n\t\t\t\t\t<\/div>\n\t\t<\/div>\n\t\t\t\t\t<\/div>\n\t\t<\/section>\n\t\t\t\t<section class=\"elementor-section elementor-top-section elementor-element elementor-element-a4faea3 elementor-section-full_width elementor-section-height-default elementor-section-height-default sc_fly_static\" data-id=\"a4faea3\" data-element_type=\"section\" data-e-type=\"section\">\n\t\t\t\t\t\t<div class=\"elementor-container elementor-column-gap-extended\">\n\t\t\t\t\t<div class=\"elementor-column elementor-col-100 elementor-top-column elementor-element elementor-element-e18dd25 sc_inner_width_none sc_content_align_inherit sc_layouts_column_icons_position_left sc_fly_static\" data-id=\"e18dd25\" data-element_type=\"column\" data-e-type=\"column\">\n\t\t\t<div class=\"elementor-widget-wrap elementor-element-populated\">\n\t\t\t\t\t\t<div class=\"elementor-element elementor-element-1d1fc5f sc_fly_static elementor-widget elementor-widget-image\" data-id=\"1d1fc5f\" data-element_type=\"widget\" data-e-type=\"widget\" data-widget_type=\"image.default\">\n\t\t\t\t<div class=\"elementor-widget-container\">\n\t\t\t\t\t\t\t\t\t\t\t\t\t\t\t<img fetchpriority=\"high\" decoding=\"async\" width=\"1024\" height=\"224\" src=\"https:\/\/abflexo.org.br\/shop\/wp-content\/uploads\/2024\/07\/ewq55-1024x224.jpg\" class=\"attachment-large size-large wp-image-23418\" alt=\"\" srcset=\"https:\/\/abflexo.org.br\/shop\/wp-content\/uploads\/2024\/07\/ewq55-1024x224.jpg 1024w, https:\/\/abflexo.org.br\/shop\/wp-content\/uploads\/2024\/07\/ewq55-300x66.jpg 300w, https:\/\/abflexo.org.br\/shop\/wp-content\/uploads\/2024\/07\/ewq55-768x168.jpg 768w, https:\/\/abflexo.org.br\/shop\/wp-content\/uploads\/2024\/07\/ewq55-1536x336.jpg 1536w, https:\/\/abflexo.org.br\/shop\/wp-content\/uploads\/2024\/07\/ewq55-2048x448.jpg 2048w, https:\/\/abflexo.org.br\/shop\/wp-content\/uploads\/2024\/07\/ewq55-370x81.jpg 370w, https:\/\/abflexo.org.br\/shop\/wp-content\/uploads\/2024\/07\/ewq55-840x184.jpg 840w, https:\/\/abflexo.org.br\/shop\/wp-content\/uploads\/2024\/07\/ewq55-410x90.jpg 410w, https:\/\/abflexo.org.br\/shop\/wp-content\/uploads\/2024\/07\/ewq55-600x131.jpg 600w\" sizes=\"(max-width: 1024px) 100vw, 1024px\" \/>\t\t\t\t\t\t\t\t\t\t\t\t\t\t\t<\/div>\n\t\t\t\t<\/div>\n\t\t\t\t<div class=\"elementor-element elementor-element-8a67c06 elementor-align-center sc_fly_static elementor-widget elementor-widget-button\" data-id=\"8a67c06\" data-element_type=\"widget\" data-e-type=\"widget\" data-widget_type=\"button.default\">\n\t\t\t\t<div class=\"elementor-widget-container\">\n\t\t\t\t\t\t\t\t\t<div class=\"elementor-button-wrapper\">\n\t\t\t\t\t<a class=\"elementor-button elementor-button-link elementor-size-sm\" href=\"https:\/\/abflexo.org.br\/vantagens\/\">\n\t\t\t\t\t\t<span class=\"elementor-button-content-wrapper\">\n\t\t\t\t\t\t\t\t\t<span class=\"elementor-button-text\">Seja um associado ABFLEXO<\/span>\n\t\t\t\t\t<\/span>\n\t\t\t\t\t<\/a>\n\t\t\t\t<\/div>\n\t\t\t\t\t\t\t\t<\/div>\n\t\t\t\t<\/div>\n\t\t\t\t\t<\/div>\n\t\t<\/div>\n\t\t\t\t\t<\/div>\n\t\t<\/section>\n\t\t\t\t<\/div>\n\t\t","protected":false},"excerpt":{"rendered":"<p>Pol\u00edtica de privacidade Esta p\u00e1gina \u00e9 usada para informar os visitantes sobre as pol\u00edticas como coleta, uso e divulga\u00e7\u00e3o de informa\u00e7\u00f5es pessoais caso algu\u00e9m decidir usar nossos servi\u00e7os, se voc\u00ea&hellip;<\/p>\n","protected":false},"author":1,"featured_media":0,"parent":0,"menu_order":0,"comment_status":"closed","ping_status":"closed","template":"","meta":{"footnotes":""},"class_list":["post-18420","page","type-page","status-publish","hentry"],"_links":{"self":[{"href":"https:\/\/abflexo.org.br\/shop\/wp-json\/wp\/v2\/pages\/18420","targetHints":{"allow":["GET"]}}],"collection":[{"href":"https:\/\/abflexo.org.br\/shop\/wp-json\/wp\/v2\/pages"}],"about":[{"href":"https:\/\/abflexo.org.br\/shop\/wp-json\/wp\/v2\/types\/page"}],"author":[{"embeddable":true,"href":"https:\/\/abflexo.org.br\/shop\/wp-json\/wp\/v2\/users\/1"}],"replies":[{"embeddable":true,"href":"https:\/\/abflexo.org.br\/shop\/wp-json\/wp\/v2\/comments?post=18420"}],"version-history":[{"count":95,"href":"https:\/\/abflexo.org.br\/shop\/wp-json\/wp\/v2\/pages\/18420\/revisions"}],"predecessor-version":[{"id":23439,"href":"https:\/\/abflexo.org.br\/shop\/wp-json\/wp\/v2\/pages\/18420\/revisions\/23439"}],"wp:attachment":[{"href":"https:\/\/abflexo.org.br\/shop\/wp-json\/wp\/v2\/media?parent=18420"}],"curies":[{"name":"wp","href":"https:\/\/api.w.org\/{rel}","templated":true}]}}