{"id":23504,"date":"2026-05-04T12:19:39","date_gmt":"2026-05-04T15:19:39","guid":{"rendered":"https:\/\/abflexo.org.br\/shop\/?post_type=product&#038;p=23504"},"modified":"2026-05-07T14:03:17","modified_gmt":"2026-05-07T17:03:17","slug":"fornecedor-n-associado","status":"publish","type":"product","link":"https:\/\/abflexo.org.br\/shop\/product\/fornecedor-n-associado\/","title":{"rendered":"Fornecedor N\u00e3o Associado"},"content":{"rendered":"<p class=\"p1\">Os donos de marca buscam cada vez mais atingir suas metas sustent\u00e1veis, e a impress\u00e3o \u00e9 fundamental nisso. Pensando nisso, a ABFLEXO criou o F\u00f3rum de Impress\u00e3o Sustent\u00e1vel, \u00fanico evento que re\u00fane as principais solu\u00e7\u00f5es no processo de impress\u00e3o para atender \u00e0s crescentes demandas do mercado.<\/p>\n<p class=\"p1\">Ou\u00e7a diretamente dos convertedores muito do que j\u00e1 \u00e9 poss\u00edvel aplicar na sua empresa, e dos donos de marca tudo que eles j\u00e1 esperam de seus impressores. Networking e aprendizado trabalhando juntos!<\/p>\n<p class=\"p1\"><span style=\"color: #339966;\"><em><strong>12 de Agosto de 2025 &#8211; Espa\u00e7o Fit &#8211; S\u00e3o Paulo<\/strong><\/em><\/span><br \/>\n<strong><em>Convite Especial &#8211; <span style=\"color: #ec0000;\">Fornecedor N\u00e3o Associado<\/span><\/em><\/strong><\/p>\n<div>\n<p><img decoding=\"async\" class=\"alignleft wp-image-23522 size-trx_addons-thumb-small\" src=\"https:\/\/abflexo.org.br\/shop\/wp-content\/uploads\/2026\/05\/FORUM_PARTICIPE-270x152.gif\" alt=\"\" width=\"270\" height=\"152\" srcset=\"https:\/\/abflexo.org.br\/shop\/wp-content\/uploads\/2026\/05\/FORUM_PARTICIPE-270x152.gif 270w, https:\/\/abflexo.org.br\/shop\/wp-content\/uploads\/2026\/05\/FORUM_PARTICIPE-840x473.gif 840w, https:\/\/abflexo.org.br\/shop\/wp-content\/uploads\/2026\/05\/FORUM_PARTICIPE-410x230.gif 410w\" sizes=\"(max-width: 270px) 100vw, 270px\" \/><\/p>\n<p><strong><i>\u00a0<\/i><\/strong><\/p>\n<\/div>\n","protected":false},"excerpt":{"rendered":"<p>Os donos de marca buscam cada vez mais atingir suas metas sustent\u00e1veis, e a impress\u00e3o \u00e9 fundamental nisso. Pensando nisso, a ABFLEXO criou o F\u00f3rum de Impress\u00e3o Sustent\u00e1vel, \u00fanico evento&hellip;<\/p>\n","protected":false},"featured_media":23517,"template":"","meta":[],"product_brand":[],"product_cat":[187],"product_tag":[],"class_list":{"0":"post-23504","1":"product","2":"type-product","3":"status-publish","4":"has-post-thumbnail","6":"product_cat-sem-categoria","8":"first","9":"instock","10":"virtual","11":"purchasable","12":"product-type-simple"},"_links":{"self":[{"href":"https:\/\/abflexo.org.br\/shop\/wp-json\/wp\/v2\/product\/23504","targetHints":{"allow":["GET"]}}],"collection":[{"href":"https:\/\/abflexo.org.br\/shop\/wp-json\/wp\/v2\/product"}],"about":[{"href":"https:\/\/abflexo.org.br\/shop\/wp-json\/wp\/v2\/types\/product"}],"wp:featuredmedia":[{"embeddable":true,"href":"https:\/\/abflexo.org.br\/shop\/wp-json\/wp\/v2\/media\/23517"}],"wp:attachment":[{"href":"https:\/\/abflexo.org.br\/shop\/wp-json\/wp\/v2\/media?parent=23504"}],"wp:term":[{"taxonomy":"product_brand","embeddable":true,"href":"https:\/\/abflexo.org.br\/shop\/wp-json\/wp\/v2\/product_brand?post=23504"},{"taxonomy":"product_cat","embeddable":true,"href":"https:\/\/abflexo.org.br\/shop\/wp-json\/wp\/v2\/product_cat?post=23504"},{"taxonomy":"product_tag","embeddable":true,"href":"https:\/\/abflexo.org.br\/shop\/wp-json\/wp\/v2\/product_tag?post=23504"}],"curies":[{"name":"wp","href":"https:\/\/api.w.org\/{rel}","templated":true}]}}